{"id":42,"date":"2011-02-06T20:03:49","date_gmt":"2011-02-06T20:03:49","guid":{"rendered":"http:\/\/www.union-nettetal.de\/wp\/?page_id=42"},"modified":"2025-12-08T19:25:20","modified_gmt":"2025-12-08T19:25:20","slug":"impressum","status":"publish","type":"page","link":"https:\/\/union-nettetal.de\/?page_id=42","title":{"rendered":"Impressum"},"content":{"rendered":"<p><strong>Impressum<\/strong><\/p>\n<p>Alle Inhalte dieses Web-Angebots, wie Bilder, Grafiken und Symbole, Texte, unterliegen dem Urheberrecht. Wenn nicht anders angegeben, liegt das Urheberrecht beim SC Union Nettetal 1996 e.V.! Jegliches Kopieren, Vervielf\u00e4ltigen und Verwenden von Daten der SC Union Nettetal 1996 e.V.-Website ist ohne ausdr\u00fcckliche schriftliche Genehmigung des SC Union Nettetal 1996 e.V. verboten. Dies gilt auch f\u00fcr die Speicherung und\/oder Vervielf\u00e4ltigung in Datenbanken und auf Datentr\u00e4gern.<\/p>\n<p>Der SC Union Nettetal 1996 e.V. ist bem\u00fcht, dieses Angebot aufrecht zu erhalten und zu verbessern. Der SC Union Nettetal 1996 e.V. garantiert nicht f\u00fcr die Richtigkeit und Vollst\u00e4ndigkeit der Daten. Wir bitten im Interesse aller Besucher darum, bei versehentlicher Ver\u00f6ffentlichung falscher Daten diese Fehler mitzuteilen. Die st\u00e4ndige Verf\u00fcgbarkeit und regelm\u00e4\u00dfige Aktualisierung dieses Angebots kann nicht garantiert werden. Jeglicher Rechts- oder Ersatzanspruch aufgrund falscher Darstellungen ist ausgeschlossen.<\/p>\n<p><strong>Name<\/strong><br \/>\nSC Union Nettetal 1996 e.V.<br \/>\nLobbericher Str. 69a<br \/>\n41334 Nettetal<br \/>\nEmail: <a href=\"mailto:tennis@union-nettetal.de\">tennis@union-nettetal.de<\/a><\/p>\n<p><strong>Verantwortlich<\/strong><br \/>\nSC Union Nettetal 1996 e.V.<br \/>\n<strong>&#8211; Tennisabteilung &#8211;<\/strong><\/p>\n<p>Webmaster<br \/>\nBert Bosseler<br \/>\nTel.: 02153 &#8211; 953770<br \/>\nwebmaster@union-nettetal.de<\/p>\n<p><strong>Gesch\u00e4ftsf\u00fchrender Vorstand Gesamtverein<br \/>\n(Vorstand nach \u00a726 BGB)<\/strong><br \/>\n1. Vorsitzender<br \/>\n<strong>Dirk Riether<\/strong><br \/>\nTel: +49 173 6797282<br \/>\ndirk.riether@t-online.de<\/p>\n<p>2. Vorsitzender<br \/>\n<b>Nico Zitzen<\/b><br \/>\nTel.: +49 173 2800487<br \/>\nnico.zitzen@scunionnettetal.de<!--\/data\/user\/0\/com.samsung.android.app.notes\/files\/clipdata\/clipdata_bodytext_251208_202054_596.sdocx--><\/p>\n<p>Abteilungsleiter Tennis<br \/>\nWilly Friedhoff<\/p>\n<p>Abteilungsleiter Radsport<\/p>\n<p><strong>Vereinsregister: <\/strong>VR 3846 Amtsgericht Krefeld<\/p>\n<p><strong>Umsatzsteuer-Identifikations-Nr.:<\/strong> DE 119995478<\/p>\n","protected":false},"excerpt":{"rendered":"<p>Impressum Alle Inhalte dieses Web-Angebots, wie Bilder, Grafiken und Symbole, Texte, unterliegen dem Urheberrecht. Wenn nicht anders angegeben, liegt das Urheberrecht beim SC Union Nettetal 1996 e.V.! Jegliches Kopieren, Vervielf\u00e4ltigen und Verwenden von Daten der SC Union Nettetal 1996 e.V.-Website ist ohne ausdr\u00fcckliche schriftliche Genehmigung des SC Union Nettetal 1996 e.V. verboten. Dies gilt auch [&hellip;]<\/p>\n","protected":false},"author":1,"featured_media":0,"parent":444,"menu_order":10,"comment_status":"closed","ping_status":"closed","template":"","meta":[],"_links":{"self":[{"href":"https:\/\/union-nettetal.de\/index.php?rest_route=\/wp\/v2\/pages\/42"}],"collection":[{"href":"https:\/\/union-nettetal.de\/index.php?rest_route=\/wp\/v2\/pages"}],"about":[{"href":"https:\/\/union-nettetal.de\/index.php?rest_route=\/wp\/v2\/types\/page"}],"author":[{"embeddable":true,"href":"https:\/\/union-nettetal.de\/index.php?rest_route=\/wp\/v2\/users\/1"}],"replies":[{"embeddable":true,"href":"https:\/\/union-nettetal.de\/index.php?rest_route=%2Fwp%2Fv2%2Fcomments&post=42"}],"version-history":[{"count":21,"href":"https:\/\/union-nettetal.de\/index.php?rest_route=\/wp\/v2\/pages\/42\/revisions"}],"predecessor-version":[{"id":5528,"href":"https:\/\/union-nettetal.de\/index.php?rest_route=\/wp\/v2\/pages\/42\/revisions\/5528"}],"up":[{"embeddable":true,"href":"https:\/\/union-nettetal.de\/index.php?rest_route=\/wp\/v2\/pages\/444"}],"wp:attachment":[{"href":"https:\/\/union-nettetal.de\/index.php?rest_route=%2Fwp%2Fv2%2Fmedia&parent=42"}],"curies":[{"name":"wp","href":"https:\/\/api.w.org\/{rel}","templated":true}]}}