{"id":5397,"date":"2022-05-21T10:37:46","date_gmt":"2022-05-21T10:37:46","guid":{"rendered":"https:\/\/union-nettetal.de\/?page_id=5397"},"modified":"2025-12-28T12:55:28","modified_gmt":"2025-12-28T12:55:28","slug":"beitragsordnung","status":"publish","type":"page","link":"https:\/\/union-nettetal.de\/?page_id=5397","title":{"rendered":"Beitragsordnung"},"content":{"rendered":"\n<p>Aufnahmeantrag und die allgemeine Beitragsregelung des Gesamtvereins und der Tennisabteilung finden sich im <a href=\"https:\/\/www.scunion-fussball.de\/wp-content\/uploads\/2025\/11\/2025_Formular_Beitrittserklaerung_V06.pdf\" data-type=\"URL\" data-id=\"https:\/\/www.scunion-fussball.de\/wp-content\/uploads\/2025\/11\/2025_Formular_Beitrittserklaerung_V06.pdf\" target=\"_blank\" rel=\"noreferrer noopener\">Mitgliedsantrag <\/a><a rel=\"noreferrer noopener\" href=\"https:\/\/www.scunion-fussball.de\/wp-content\/uploads\/2025\/11\/2025_Formular_Beitrittserklaerung_V06.pdf\" target=\"_blank\">mit<\/a><a href=\"https:\/\/www.scunion-fussball.de\/wp-content\/uploads\/2025\/11\/2025_Formular_Beitrittserklaerung_V06.pdfI\" data-type=\"URL\"> Beitragsordnung<\/a>. So zahlen Erwachsene derzeit 16 Euro pro Monat (8 Euro Hauptverein, 8 Euro Tennisabteilung). F\u00fcr Mitglieder anderer Abteilungen werden entsprechend nur 8 Euro\/mon zus\u00e4tzlich erhoben (Erwachsene). Zum Vereinsleben geh\u00f6rt auch, dass wir alle acht Arbeitsstunden im Jahr leisten, auch eine gute M\u00f6glichkeit um andere Mitglieder kennenzulernen und Spielpartner zu finden.<\/p>\n","protected":false},"excerpt":{"rendered":"<p>Aufnahmeantrag und die allgemeine Beitragsregelung des Gesamtvereins und der Tennisabteilung finden sich im Mitgliedsantrag mit Beitragsordnung. So zahlen Erwachsene derzeit 16 Euro pro Monat (8 Euro Hauptverein, 8 Euro Tennisabteilung). F\u00fcr Mitglieder anderer Abteilungen werden entsprechend nur 8 Euro\/mon zus\u00e4tzlich erhoben (Erwachsene). Zum Vereinsleben geh\u00f6rt auch, dass wir alle acht Arbeitsstunden im Jahr leisten, auch [&hellip;]<\/p>\n","protected":false},"author":2,"featured_media":0,"parent":0,"menu_order":0,"comment_status":"closed","ping_status":"closed","template":"","meta":[],"_links":{"self":[{"href":"https:\/\/union-nettetal.de\/index.php?rest_route=\/wp\/v2\/pages\/5397"}],"collection":[{"href":"https:\/\/union-nettetal.de\/index.php?rest_route=\/wp\/v2\/pages"}],"about":[{"href":"https:\/\/union-nettetal.de\/index.php?rest_route=\/wp\/v2\/types\/page"}],"author":[{"embeddable":true,"href":"https:\/\/union-nettetal.de\/index.php?rest_route=\/wp\/v2\/users\/2"}],"replies":[{"embeddable":true,"href":"https:\/\/union-nettetal.de\/index.php?rest_route=%2Fwp%2Fv2%2Fcomments&post=5397"}],"version-history":[{"count":8,"href":"https:\/\/union-nettetal.de\/index.php?rest_route=\/wp\/v2\/pages\/5397\/revisions"}],"predecessor-version":[{"id":5536,"href":"https:\/\/union-nettetal.de\/index.php?rest_route=\/wp\/v2\/pages\/5397\/revisions\/5536"}],"wp:attachment":[{"href":"https:\/\/union-nettetal.de\/index.php?rest_route=%2Fwp%2Fv2%2Fmedia&parent=5397"}],"curies":[{"name":"wp","href":"https:\/\/api.w.org\/{rel}","templated":true}]}}